{"id":4025,"date":"2024-09-20T17:39:42","date_gmt":"2024-09-20T17:39:42","guid":{"rendered":"https:\/\/www.enzhoshop.com\/product\/lunettes-de-soleil-ray-ban-rb3688-001-31-55-19-145-originale\/"},"modified":"2024-09-20T17:39:42","modified_gmt":"2024-09-20T17:39:42","slug":"lunettes-de-soleil-ray-ban-rb3688-001-31-55-19-145-originale","status":"publish","type":"product","link":"https:\/\/www.enzhoshop.com\/en\/product\/lunettes-de-soleil-ray-ban-rb3688-001-31-55-19-145-originale\/","title":{"rendered":"Lunettes de soleil Ray-Ban RB3688 001\/31 55-19 145 originale"},"content":{"rendered":"<p><strong><em>D\u00c9TAILS :<\/em><\/strong><\/p>\n<p><strong><em>Marque : Ray-Ban <\/em><\/strong><br \/>\n<strong><em>Mod\u00e8le : RB3688<\/em><\/strong><br \/>\n<strong><em>Code du mod\u00e8le : RB 3688 001\/31<\/em><\/strong><br \/>\n<strong><em>Mat\u00e9riel : Acetate <\/em><\/strong><br \/>\n<strong><em>Couleur du cadre : Turtoise <\/em><\/strong><br \/>\n<strong><em>Couleur des verres : Verte<\/em><\/strong><br \/>\n<strong><em>Genre: Hommes\/Femmes <\/em><\/strong><\/p>\n<p><strong><em>DIMENSIONS :<\/em><\/strong><\/p>\n<p><strong><em>Largeur de l&rsquo;objectif : 55mm<\/em><\/strong><br \/>\n<strong><em>Pont : 19mm <\/em><\/strong><br \/>\n<strong><em>Longueur des branches : 145 mm <\/em><\/strong><\/p>\n<p><strong><em>LE PRODUIT INCLUS :<\/em><\/strong><\/p>\n<p><strong><em>1- Paire de LUNETTES DE SOLEIL<\/em><\/strong><br \/>\n<strong><em>1- \u00c9tui en cuir<\/em><\/strong><br \/>\n<strong><em>1- Chiffon de nettoyage <\/em><\/strong><br \/>\n<strong><em>1- Livre d&rsquo;instruction <\/em><\/strong><\/p>","protected":false},"excerpt":{"rendered":"<p>D\u00c9TAILS : Marque : Ray-Ban Mod\u00e8le : RB3688 Code du mod\u00e8le : RB 3688 001\/31 Mat\u00e9riel : Acetate Couleur du cadre : Turtoise Couleur des verres : Verte Genre: Hommes\/Femmes DIMENSIONS : Largeur de l&rsquo;objectif : 55mm Pont : 19mm Longueur des branches : 145 mm LE PRODUIT INCLUS : 1- Paire de LUNETTES DE<\/p>\n<div class=\"klb-readmore entry-button\"><a class=\"button\" href=\"https:\/\/www.enzhoshop.com\/en\/product\/lunettes-de-soleil-ray-ban-rb3688-001-31-55-19-145-originale\/\">Read More<\/a><\/div>","protected":false},"featured_media":4020,"template":"","meta":[],"product_cat":[15],"product_tag":[],"class_list":{"0":"post-4025","1":"product","2":"type-product","3":"status-publish","4":"has-post-thumbnail","6":"product_cat-lunettes-de-soleil","8":"first","9":"instock","10":"sale","11":"purchasable","12":"product-type-simple"},"_links":{"self":[{"href":"https:\/\/www.enzhoshop.com\/en\/wp-json\/wp\/v2\/product\/4025"}],"collection":[{"href":"https:\/\/www.enzhoshop.com\/en\/wp-json\/wp\/v2\/product"}],"about":[{"href":"https:\/\/www.enzhoshop.com\/en\/wp-json\/wp\/v2\/types\/product"}],"wp:featuredmedia":[{"embeddable":true,"href":"https:\/\/www.enzhoshop.com\/en\/wp-json\/wp\/v2\/media\/4020"}],"wp:attachment":[{"href":"https:\/\/www.enzhoshop.com\/en\/wp-json\/wp\/v2\/media?parent=4025"}],"wp:term":[{"taxonomy":"product_cat","embeddable":true,"href":"https:\/\/www.enzhoshop.com\/en\/wp-json\/wp\/v2\/product_cat?post=4025"},{"taxonomy":"product_tag","embeddable":true,"href":"https:\/\/www.enzhoshop.com\/en\/wp-json\/wp\/v2\/product_tag?post=4025"}],"curies":[{"name":"wp","href":"https:\/\/api.w.org\/{rel}","templated":true}]}}