{"id":4016,"date":"2024-09-20T17:29:01","date_gmt":"2024-09-20T17:29:01","guid":{"rendered":"https:\/\/www.enzhoshop.com\/product\/lunettes-de-soleil-ray-ban-state-street-rb2186-901-b1-49-20-145-originale\/"},"modified":"2024-09-20T17:29:01","modified_gmt":"2024-09-20T17:29:01","slug":"lunettes-de-soleil-ray-ban-state-street-rb2186-901-b1-49-20-145-originale","status":"publish","type":"product","link":"https:\/\/www.enzhoshop.com\/en\/product\/lunettes-de-soleil-ray-ban-state-street-rb2186-901-b1-49-20-145-originale\/","title":{"rendered":"Lunettes de soleil Ray-Ban STATE STREET RB2186 901\/B1 49-20 145 originale"},"content":{"rendered":"<p><strong><em>D\u00c9TAILS :<\/em><\/strong><\/p>\n<p><strong><em>Marque : Ray-Ban <\/em><\/strong><br \/>\n<strong><em>Mod\u00e8le : State Street<\/em><\/strong><br \/>\n<strong><em>Code du mod\u00e8le : RB 2186 901\/B1<\/em><\/strong><br \/>\n<strong><em>Mat\u00e9riel : Acetate <\/em><\/strong><br \/>\n<strong><em>Couleur du cadre : Noir Matte<\/em><\/strong><br \/>\n<strong><em>Couleur des verres : Verte<\/em><\/strong><br \/>\n<strong><em>Genre: Hommes\/Femmes <\/em><\/strong><\/p>\n<p><strong><em>DIMENSIONS :<\/em><\/strong><\/p>\n<p><strong><em>Largeur de l&rsquo;objectif : 49mm<\/em><\/strong><br \/>\n<strong><em>Pont : 20mm <\/em><\/strong><br \/>\n<strong><em>Longueur des branches : 145 mm <\/em><\/strong><\/p>\n<p><strong><em>LE PRODUIT INCLUS :<\/em><\/strong><\/p>\n<p><strong><em>1- Paire de LUNETTES DE SOLEIL<\/em><\/strong><br \/>\n<strong><em>1- \u00c9tui en cuir<\/em><\/strong><br \/>\n<strong><em>1- Chiffon de nettoyage <\/em><\/strong><br \/>\n<strong><em>1- Livre d&rsquo;instruction<\/em><\/strong><\/p>","protected":false},"excerpt":{"rendered":"<p>D\u00c9TAILS : Marque : Ray-Ban Mod\u00e8le : State Street Code du mod\u00e8le : RB 2186 901\/B1 Mat\u00e9riel : Acetate Couleur du cadre : Noir Matte Couleur des verres : Verte Genre: Hommes\/Femmes DIMENSIONS : Largeur de l&rsquo;objectif : 49mm Pont : 20mm Longueur des branches : 145 mm LE PRODUIT INCLUS : 1- Paire de<\/p>\n<div class=\"klb-readmore entry-button\"><a class=\"button\" href=\"https:\/\/www.enzhoshop.com\/en\/product\/lunettes-de-soleil-ray-ban-state-street-rb2186-901-b1-49-20-145-originale\/\">Read More<\/a><\/div>","protected":false},"featured_media":4011,"template":"","meta":[],"product_cat":[15],"product_tag":[],"class_list":{"0":"post-4016","1":"product","2":"type-product","3":"status-publish","4":"has-post-thumbnail","6":"product_cat-lunettes-de-soleil","8":"first","9":"instock","10":"sale","11":"purchasable","12":"product-type-simple"},"_links":{"self":[{"href":"https:\/\/www.enzhoshop.com\/en\/wp-json\/wp\/v2\/product\/4016"}],"collection":[{"href":"https:\/\/www.enzhoshop.com\/en\/wp-json\/wp\/v2\/product"}],"about":[{"href":"https:\/\/www.enzhoshop.com\/en\/wp-json\/wp\/v2\/types\/product"}],"wp:featuredmedia":[{"embeddable":true,"href":"https:\/\/www.enzhoshop.com\/en\/wp-json\/wp\/v2\/media\/4011"}],"wp:attachment":[{"href":"https:\/\/www.enzhoshop.com\/en\/wp-json\/wp\/v2\/media?parent=4016"}],"wp:term":[{"taxonomy":"product_cat","embeddable":true,"href":"https:\/\/www.enzhoshop.com\/en\/wp-json\/wp\/v2\/product_cat?post=4016"},{"taxonomy":"product_tag","embeddable":true,"href":"https:\/\/www.enzhoshop.com\/en\/wp-json\/wp\/v2\/product_tag?post=4016"}],"curies":[{"name":"wp","href":"https:\/\/api.w.org\/{rel}","templated":true}]}}