{"id":3979,"date":"2024-09-20T16:12:28","date_gmt":"2024-09-20T16:12:28","guid":{"rendered":"https:\/\/www.enzhoshop.com\/product\/lunettes-de-soleil-ray-ban-mega-clubmaster-rb0316s-1368-51-53-21-145-originale\/"},"modified":"2024-09-20T16:12:28","modified_gmt":"2024-09-20T16:12:28","slug":"lunettes-de-soleil-ray-ban-mega-clubmaster-rb0316s-1368-51-53-21-145-originale","status":"publish","type":"product","link":"https:\/\/www.enzhoshop.com\/en\/product\/lunettes-de-soleil-ray-ban-mega-clubmaster-rb0316s-1368-51-53-21-145-originale\/","title":{"rendered":"Lunettes de soleil Ray-Ban MEGA CLUBMASTER RB0316S 1368\/51 53-21 145 originale"},"content":{"rendered":"<p><strong><em>D\u00c9TAILS :<\/em><\/strong><\/p>\n<p><strong><em>Marque : Ray-Ban <\/em><\/strong><br \/>\n<strong><em>Mod\u00e8le : M\u00e9ga Clubmaster <\/em><\/strong><br \/>\n<strong><em>Code du mod\u00e8le : RB 0316S 1368\/51<\/em><\/strong><br \/>\n<strong><em>Mat\u00e9riel : Acetate <\/em><\/strong><br \/>\n<strong><em>Couleur du cadre : Verte<\/em><\/strong><br \/>\n<strong><em>Couleur des verres : Brun d\u00e9grad\u00e9 <\/em><\/strong><br \/>\n<strong><em>Genre: Hommes\/Femmes <\/em><\/strong><\/p>\n<p><strong><em>DIMENSIONS :<\/em><\/strong><\/p>\n<p><strong><em>Largeur de l&rsquo;objectif : 53mm<\/em><\/strong><br \/>\n<strong><em>Pont : 21mm <\/em><\/strong><br \/>\n<strong><em>Longueur des branches : 145 mm <\/em><\/strong><\/p>\n<p><strong><em>LE PRODUIT INCLUS :<\/em><\/strong><\/p>\n<p><strong><em>1- Paire de LUNETTES DE SOLEIL<\/em><\/strong><br \/>\n<strong><em>1- \u00c9tui en cuir<\/em><\/strong><br \/>\n<strong><em>1- Chiffon de nettoyage <\/em><\/strong><br \/>\n<strong><em>1- Livre d&rsquo;instruction <\/em><\/strong><\/p>","protected":false},"excerpt":{"rendered":"<p>D\u00c9TAILS : Marque : Ray-Ban Mod\u00e8le : M\u00e9ga Clubmaster Code du mod\u00e8le : RB 0316S 1368\/51 Mat\u00e9riel : Acetate Couleur du cadre : Verte Couleur des verres : Brun d\u00e9grad\u00e9 Genre: Hommes\/Femmes DIMENSIONS : Largeur de l&rsquo;objectif : 53mm Pont : 21mm Longueur des branches : 145 mm LE PRODUIT INCLUS : 1- Paire de<\/p>\n<div class=\"klb-readmore entry-button\"><a class=\"button\" href=\"https:\/\/www.enzhoshop.com\/en\/product\/lunettes-de-soleil-ray-ban-mega-clubmaster-rb0316s-1368-51-53-21-145-originale\/\">Read More<\/a><\/div>","protected":false},"featured_media":3972,"template":"","meta":[],"product_cat":[15],"product_tag":[],"class_list":{"0":"post-3979","1":"product","2":"type-product","3":"status-publish","4":"has-post-thumbnail","6":"product_cat-lunettes-de-soleil","8":"first","9":"instock","10":"sale","11":"purchasable","12":"product-type-simple"},"_links":{"self":[{"href":"https:\/\/www.enzhoshop.com\/en\/wp-json\/wp\/v2\/product\/3979"}],"collection":[{"href":"https:\/\/www.enzhoshop.com\/en\/wp-json\/wp\/v2\/product"}],"about":[{"href":"https:\/\/www.enzhoshop.com\/en\/wp-json\/wp\/v2\/types\/product"}],"wp:featuredmedia":[{"embeddable":true,"href":"https:\/\/www.enzhoshop.com\/en\/wp-json\/wp\/v2\/media\/3972"}],"wp:attachment":[{"href":"https:\/\/www.enzhoshop.com\/en\/wp-json\/wp\/v2\/media?parent=3979"}],"wp:term":[{"taxonomy":"product_cat","embeddable":true,"href":"https:\/\/www.enzhoshop.com\/en\/wp-json\/wp\/v2\/product_cat?post=3979"},{"taxonomy":"product_tag","embeddable":true,"href":"https:\/\/www.enzhoshop.com\/en\/wp-json\/wp\/v2\/product_tag?post=3979"}],"curies":[{"name":"wp","href":"https:\/\/api.w.org\/{rel}","templated":true}]}}