{"id":3838,"date":"2024-07-13T12:59:42","date_gmt":"2024-07-13T12:59:42","guid":{"rendered":"https:\/\/www.enzhoshop.com\/?post_type=product&#038;p=3838"},"modified":"2024-09-20T08:46:05","modified_gmt":"2024-09-20T08:46:05","slug":"lunettes-de-vue-6","status":"publish","type":"product","link":"https:\/\/www.enzhoshop.com\/en\/product\/lunettes-de-vue-6\/","title":{"rendered":"Lunettes de soleil Ray-Ban MEGA WAYFARER RB0840S 954\/33 51-21 145 3N originale"},"content":{"rendered":"<p><strong><em>D\u00c9TAILS :<\/em><\/strong><\/p>\n<p><strong><em>Marque : Ray-Ban <\/em><\/strong><\/p>\n<p><strong><em>Mod\u00e8le : M\u00c9GA WAYFARER <\/em><\/strong><\/p>\n<p><strong><em>Code du mod\u00e8le : RB 2140 901\/3F <\/em><\/strong><\/p>\n<p><strong><em>Mat\u00e9riel : Acetate<\/em><\/strong><\/p>\n<p><em><strong>Couleur du cadre : Brun turtoise<\/strong><\/em><\/p>\n<p><strong><em>Couleur des verres : marrons<\/em><\/strong><\/p>\n<p><strong><em>Genre: Hommes\/Femmes <\/em><\/strong><\/p>\n<p><strong><em>DIMENSIONS :<\/em><\/strong><\/p>\n<p><strong><em>Largeur de l&rsquo;objectif : 50 mm<\/em><\/strong><\/p>\n<p><strong><em>Pont : 20 mm <\/em><\/strong><\/p>\n<p><strong><em>Longueur des branches : 145 mm <\/em><\/strong><\/p>\n<p><strong><em>LE PRODUIT INCLUS :<\/em><\/strong><\/p>\n<p><strong><em>1- Paire de LUNETTES DE SOLEIL<\/em><\/strong><\/p>\n<p><strong><em>1- \u00c9tui en cuir<\/em><\/strong><\/p>\n<p><strong><em>1- Chiffon de nettoyage <\/em><\/strong><\/p>\n<p><strong><em>1- Livre d&rsquo;instruction <\/em><\/strong><\/p>","protected":false},"excerpt":{"rendered":"<p>D\u00c9TAILS : Marque : Ray-Ban Mod\u00e8le : M\u00c9GA WAYFARER Code du mod\u00e8le : RB 2140 901\/3F Mat\u00e9riel : Acetate Couleur du cadre : Brun turtoise Couleur des verres : marrons Genre: Hommes\/Femmes DIMENSIONS : Largeur de l&rsquo;objectif : 50 mm Pont : 20 mm Longueur des branches : 145 mm LE PRODUIT INCLUS : 1-<\/p>\n<div class=\"klb-readmore entry-button\"><a class=\"button\" href=\"https:\/\/www.enzhoshop.com\/en\/product\/lunettes-de-vue-6\/\">Read More<\/a><\/div>","protected":false},"featured_media":3929,"template":"","meta":[],"product_cat":[15],"product_tag":[],"class_list":{"0":"post-3838","1":"product","2":"type-product","3":"status-publish","4":"has-post-thumbnail","6":"product_cat-lunettes-de-soleil","8":"first","9":"instock","10":"sale","11":"purchasable","12":"product-type-simple"},"_links":{"self":[{"href":"https:\/\/www.enzhoshop.com\/en\/wp-json\/wp\/v2\/product\/3838"}],"collection":[{"href":"https:\/\/www.enzhoshop.com\/en\/wp-json\/wp\/v2\/product"}],"about":[{"href":"https:\/\/www.enzhoshop.com\/en\/wp-json\/wp\/v2\/types\/product"}],"wp:featuredmedia":[{"embeddable":true,"href":"https:\/\/www.enzhoshop.com\/en\/wp-json\/wp\/v2\/media\/3929"}],"wp:attachment":[{"href":"https:\/\/www.enzhoshop.com\/en\/wp-json\/wp\/v2\/media?parent=3838"}],"wp:term":[{"taxonomy":"product_cat","embeddable":true,"href":"https:\/\/www.enzhoshop.com\/en\/wp-json\/wp\/v2\/product_cat?post=3838"},{"taxonomy":"product_tag","embeddable":true,"href":"https:\/\/www.enzhoshop.com\/en\/wp-json\/wp\/v2\/product_tag?post=3838"}],"curies":[{"name":"wp","href":"https:\/\/api.w.org\/{rel}","templated":true}]}}