{"id":3833,"date":"2024-07-13T12:53:51","date_gmt":"2024-07-13T12:53:51","guid":{"rendered":"https:\/\/www.enzhoshop.com\/?post_type=product&#038;p=3833"},"modified":"2024-09-20T15:44:06","modified_gmt":"2024-09-20T15:44:06","slug":"lunettes-de-vue-1","status":"publish","type":"product","link":"https:\/\/www.enzhoshop.com\/en\/product\/lunettes-de-vue-1\/","title":{"rendered":"Lunettes de soleil Ray-Ban JUSTIN RB4165 622\/T3 54-16 145 3P originale"},"content":{"rendered":"<p><strong><em>D\u00c9TAILS :<\/em><\/strong><\/p>\n<p><strong><em>Marque : Ray-Ban <\/em><\/strong><br \/>\n<strong><em>Mod\u00e8le : JUSTIN<\/em><\/strong><br \/>\n<strong><em>Code du mod\u00e8le : RB 4165 622\/T3<\/em><\/strong><br \/>\n<strong><em>Mat\u00e9riel : caoutchouc <\/em><\/strong><br \/>\n<strong><em>Couleur du cadre : NOIR<\/em><\/strong><br \/>\n<strong><em>Couleur des verres : Grise d\u00e9grad\u00e9 <\/em><\/strong><br \/>\n<strong><em>Genre: Hommes\/Femmes <\/em><\/strong><\/p>\n<p><strong><em>DIMENSIONS :<\/em><\/strong><\/p>\n<p><strong><em>Largeur de l&rsquo;objectif : 54mm<\/em><\/strong><br \/>\n<strong><em>Pont : 16mm <\/em><\/strong><br \/>\n<strong><em>Longueur des branches : 145mm <\/em><\/strong><\/p>\n<p><strong><em>LE PRODUIT INCLUS :<\/em><\/strong><\/p>\n<p><strong><em>1- Paire de LUNETTES DE SOLEIL<\/em><\/strong><br \/>\n<strong><em>1- \u00c9tui en cuir<\/em><\/strong><br \/>\n<strong><em>1- Chiffon de nettoyage <\/em><\/strong><br \/>\n<strong><em>1- Livre d&rsquo;instruction <\/em><\/strong><\/p>","protected":false},"excerpt":{"rendered":"<p>D\u00c9TAILS : Marque : Ray-Ban Mod\u00e8le : JUSTIN Code du mod\u00e8le : RB 4165 622\/T3 Mat\u00e9riel : caoutchouc Couleur du cadre : NOIR Couleur des verres : Grise d\u00e9grad\u00e9 Genre: Hommes\/Femmes DIMENSIONS : Largeur de l&rsquo;objectif : 54mm Pont : 16mm Longueur des branches : 145mm LE PRODUIT INCLUS : 1- Paire de LUNETTES DE<\/p>\n<div class=\"klb-readmore entry-button\"><a class=\"button\" href=\"https:\/\/www.enzhoshop.com\/en\/product\/lunettes-de-vue-1\/\">Read More<\/a><\/div>","protected":false},"featured_media":3938,"template":"","meta":[],"product_cat":[15],"product_tag":[],"class_list":{"0":"post-3833","1":"product","2":"type-product","3":"status-publish","4":"has-post-thumbnail","6":"product_cat-lunettes-de-soleil","8":"first","9":"instock","10":"sale","11":"purchasable","12":"product-type-simple"},"_links":{"self":[{"href":"https:\/\/www.enzhoshop.com\/en\/wp-json\/wp\/v2\/product\/3833"}],"collection":[{"href":"https:\/\/www.enzhoshop.com\/en\/wp-json\/wp\/v2\/product"}],"about":[{"href":"https:\/\/www.enzhoshop.com\/en\/wp-json\/wp\/v2\/types\/product"}],"wp:featuredmedia":[{"embeddable":true,"href":"https:\/\/www.enzhoshop.com\/en\/wp-json\/wp\/v2\/media\/3938"}],"wp:attachment":[{"href":"https:\/\/www.enzhoshop.com\/en\/wp-json\/wp\/v2\/media?parent=3833"}],"wp:term":[{"taxonomy":"product_cat","embeddable":true,"href":"https:\/\/www.enzhoshop.com\/en\/wp-json\/wp\/v2\/product_cat?post=3833"},{"taxonomy":"product_tag","embeddable":true,"href":"https:\/\/www.enzhoshop.com\/en\/wp-json\/wp\/v2\/product_tag?post=3833"}],"curies":[{"name":"wp","href":"https:\/\/api.w.org\/{rel}","templated":true}]}}