{"id":1544,"date":"2021-05-19T04:28:36","date_gmt":"2021-05-19T04:28:36","guid":{"rendered":"https:\/\/klbtheme.com\/bacola\/?page_id=1544"},"modified":"2024-07-17T14:52:27","modified_gmt":"2024-07-17T14:52:27","slug":"a-propos","status":"publish","type":"page","link":"https:\/\/www.enzhoshop.com\/en\/a-propos\/","title":{"rendered":"About us"},"content":{"rendered":"<div data-elementor-type=\"wp-page\" data-elementor-id=\"1544\" class=\"elementor elementor-1544\">\n\t\t\t\t\t\t<section class=\"elementor-section elementor-top-section elementor-element elementor-element-4d9f236 elementor-section-full_width elementor-section-height-default elementor-section-height-default\" data-id=\"4d9f236\" data-element_type=\"section\">\n\t\t\t\t\t\t<div class=\"elementor-container elementor-column-gap-no\">\n\t\t\t\t\t<div class=\"elementor-column elementor-col-100 elementor-top-column elementor-element elementor-element-ae4c5db\" data-id=\"ae4c5db\" data-element_type=\"column\">\n\t\t\t<div class=\"elementor-widget-wrap elementor-element-populated\">\n\t\t\t\t\t\t<div class=\"elementor-element elementor-element-be5a151 elementor-widget elementor-widget-image\" data-id=\"be5a151\" data-element_type=\"widget\" data-widget_type=\"image.default\">\n\t\t\t\t<div class=\"elementor-widget-container\">\n\t\t\t<style>\/*! elementor - v3.23.0 - 05-08-2024 *\/\n.elementor-widget-image{text-align:center}.elementor-widget-image a{display:inline-block}.elementor-widget-image a img[src$=\".svg\"]{width:48px}.elementor-widget-image img{vertical-align:middle;display:inline-block}<\/style>\t\t\t\t\t\t\t\t\t\t<img fetchpriority=\"high\" decoding=\"async\" width=\"2000\" height=\"375\" src=\"https:\/\/www.enzhoshop.com\/wp-content\/uploads\/2024\/07\/header.png\" class=\"attachment-full size-full wp-image-3829\" alt=\"\" srcset=\"https:\/\/www.enzhoshop.com\/wp-content\/uploads\/2024\/07\/header.png 2000w, https:\/\/www.enzhoshop.com\/wp-content\/uploads\/2024\/07\/header-300x56.png 300w, https:\/\/www.enzhoshop.com\/wp-content\/uploads\/2024\/07\/header-1024x192.png 1024w, https:\/\/www.enzhoshop.com\/wp-content\/uploads\/2024\/07\/header-768x144.png 768w, https:\/\/www.enzhoshop.com\/wp-content\/uploads\/2024\/07\/header-1536x288.png 1536w, https:\/\/www.enzhoshop.com\/wp-content\/uploads\/2024\/07\/header-18x3.png 18w, https:\/\/www.enzhoshop.com\/wp-content\/uploads\/2024\/07\/header-600x113.png 600w, https:\/\/www.enzhoshop.com\/wp-content\/uploads\/2024\/07\/header-90x17.png 90w, https:\/\/www.enzhoshop.com\/wp-content\/uploads\/2024\/07\/header-64x12.png 64w, https:\/\/www.enzhoshop.com\/wp-content\/uploads\/2024\/07\/header-190x36.png 190w, https:\/\/www.enzhoshop.com\/wp-content\/uploads\/2024\/07\/header-480x90.png 480w\" sizes=\"(max-width: 2000px) 100vw, 2000px\" \/>\t\t\t\t\t\t\t\t\t\t\t\t\t<\/div>\n\t\t\t\t<\/div>\n\t\t\t\t\t<\/div>\n\t\t<\/div>\n\t\t\t\t\t<\/div>\n\t\t<\/section>\n\t\t\t\t<section class=\"elementor-section elementor-top-section elementor-element elementor-element-f600bf8 elementor-section-boxed elementor-section-height-default elementor-section-height-default\" data-id=\"f600bf8\" data-element_type=\"section\">\n\t\t\t\t\t\t<div class=\"elementor-container elementor-column-gap-no\">\n\t\t\t\t\t<div class=\"elementor-column elementor-col-100 elementor-top-column elementor-element elementor-element-e769e7d\" data-id=\"e769e7d\" data-element_type=\"column\">\n\t\t\t<div class=\"elementor-widget-wrap elementor-element-populated\">\n\t\t\t\t\t\t<section class=\"elementor-section elementor-inner-section elementor-element elementor-element-faa9e1d elementor-section-content-middle elementor-section-boxed elementor-section-height-default elementor-section-height-default\" data-id=\"faa9e1d\" data-element_type=\"section\">\n\t\t\t\t\t\t<div class=\"elementor-container elementor-column-gap-extended\">\n\t\t\t\t\t<div class=\"elementor-column elementor-col-50 elementor-inner-column elementor-element elementor-element-1fe836e\" data-id=\"1fe836e\" data-element_type=\"column\">\n\t\t\t<div class=\"elementor-widget-wrap elementor-element-populated\">\n\t\t\t\t\t\t<div class=\"elementor-element elementor-element-bf5a32e elementor-invisible elementor-widget elementor-widget-heading\" data-id=\"bf5a32e\" data-element_type=\"widget\" data-settings=\"{&quot;_animation&quot;:&quot;fadeInDown&quot;}\" data-widget_type=\"heading.default\">\n\t\t\t\t<div class=\"elementor-widget-container\">\n\t\t\t<style>\/*! elementor - v3.23.0 - 05-08-2024 *\/\n.elementor-heading-title{padding:0;margin:0;line-height:1}.elementor-widget-heading .elementor-heading-title[class*=elementor-size-]>a{color:inherit;font-size:inherit;line-height:inherit}.elementor-widget-heading .elementor-heading-title.elementor-size-small{font-size:15px}.elementor-widget-heading .elementor-heading-title.elementor-size-medium{font-size:19px}.elementor-widget-heading .elementor-heading-title.elementor-size-large{font-size:29px}.elementor-widget-heading .elementor-heading-title.elementor-size-xl{font-size:39px}.elementor-widget-heading .elementor-heading-title.elementor-size-xxl{font-size:59px}<\/style><h2 class=\"elementor-heading-title elementor-size-default\">\u00c0 PROPOS DE NOUS\n<br><\/br><\/h2>\t\t<\/div>\n\t\t\t\t<\/div>\n\t\t\t\t<div class=\"elementor-element elementor-element-3984e88 elementor-invisible elementor-widget elementor-widget-text-editor\" data-id=\"3984e88\" data-element_type=\"widget\" data-settings=\"{&quot;_animation&quot;:&quot;fadeInLeft&quot;}\" data-widget_type=\"text-editor.default\">\n\t\t\t\t<div class=\"elementor-widget-container\">\n\t\t\t<style>\/*! elementor - v3.23.0 - 05-08-2024 *\/\n.elementor-widget-text-editor.elementor-drop-cap-view-stacked .elementor-drop-cap{background-color:#69727d;color:#fff}.elementor-widget-text-editor.elementor-drop-cap-view-framed .elementor-drop-cap{color:#69727d;border:3px solid;background-color:transparent}.elementor-widget-text-editor:not(.elementor-drop-cap-view-default) .elementor-drop-cap{margin-top:8px}.elementor-widget-text-editor:not(.elementor-drop-cap-view-default) .elementor-drop-cap-letter{width:1em;height:1em}.elementor-widget-text-editor .elementor-drop-cap{float:left;text-align:center;line-height:1;font-size:50px}.elementor-widget-text-editor .elementor-drop-cap-letter{display:inline-block}<\/style>\t\t\t\t<div class=\"page\" title=\"Page 1\"><div class=\"layoutArea\"><div class=\"column\"><h3 class=\"wdt-heading-title-wrapper wdt-heading-align-center wdt-heading-deco-wrapper\"><strong><span class=\"wdt-heading-title\">Notre mission : mettre en valeur votre beaut\u00e9 !<\/span><\/strong><\/h3><h4><strong>\u00a0<\/strong><\/h4><\/div><\/div><\/div><h5>Enzho Shop est une entreprise qu\u00e9b\u00e9coise sp\u00e9cialis\u00e9e dans les lunettes de vues et lunettes de soleil de qualit\u00e9. Tous nos produits sont s\u00e9lectionn\u00e9s avec soin et nous garantissons une durabilit\u00e9 pour chacun de nos produits.<\/h5><p><b>Nous sommes LA r\u00e9f\u00e9rence si vous recherchez la qualit\u00e9 et la vari\u00e9t\u00e9!<\/b><\/p><p>Nous nous engageons \u00e0 fournir des prix v\u00e9ritablement concurrentiels et des produits de haute qualit\u00e9, \u00e0 garantir la s\u00e9curit\u00e9 du processus d\u2019achat, \u00e0 livrer les marchandises aux clients rapidement et avec pr\u00e9cision, et \u00e0 faire de notre mieux pour servir les clients et les rendre satisfaits de leurs achats. <\/p>\t\t\t\t\t\t<\/div>\n\t\t\t\t<\/div>\n\t\t\t\t\t<\/div>\n\t\t<\/div>\n\t\t\t\t<div class=\"elementor-column elementor-col-50 elementor-inner-column elementor-element elementor-element-915cf91\" data-id=\"915cf91\" data-element_type=\"column\">\n\t\t\t<div class=\"elementor-widget-wrap elementor-element-populated\">\n\t\t\t\t\t\t<div class=\"elementor-element elementor-element-393e4f6 elementor-invisible elementor-widget elementor-widget-image\" data-id=\"393e4f6\" data-element_type=\"widget\" data-settings=\"{&quot;_animation&quot;:&quot;fadeInUp&quot;}\" data-widget_type=\"image.default\">\n\t\t\t\t<div class=\"elementor-widget-container\">\n\t\t\t\t\t\t\t\t\t\t\t\t\t<img decoding=\"async\" width=\"667\" height=\"669\" src=\"https:\/\/www.enzhoshop.com\/wp-content\/uploads\/2024\/07\/Capture-decran-le-2024-07-07-a-11.01.28.png\" class=\"attachment-large size-large wp-image-3819\" alt=\"\" srcset=\"https:\/\/www.enzhoshop.com\/wp-content\/uploads\/2024\/07\/Capture-decran-le-2024-07-07-a-11.01.28.png 667w, https:\/\/www.enzhoshop.com\/wp-content\/uploads\/2024\/07\/Capture-decran-le-2024-07-07-a-11.01.28-300x300.png 300w, https:\/\/www.enzhoshop.com\/wp-content\/uploads\/2024\/07\/Capture-decran-le-2024-07-07-a-11.01.28-150x150.png 150w, https:\/\/www.enzhoshop.com\/wp-content\/uploads\/2024\/07\/Capture-decran-le-2024-07-07-a-11.01.28-12x12.png 12w, https:\/\/www.enzhoshop.com\/wp-content\/uploads\/2024\/07\/Capture-decran-le-2024-07-07-a-11.01.28-450x450.png 450w, https:\/\/www.enzhoshop.com\/wp-content\/uploads\/2024\/07\/Capture-decran-le-2024-07-07-a-11.01.28-90x90.png 90w, https:\/\/www.enzhoshop.com\/wp-content\/uploads\/2024\/07\/Capture-decran-le-2024-07-07-a-11.01.28-600x602.png 600w, https:\/\/www.enzhoshop.com\/wp-content\/uploads\/2024\/07\/Capture-decran-le-2024-07-07-a-11.01.28-54x54.png 54w, https:\/\/www.enzhoshop.com\/wp-content\/uploads\/2024\/07\/Capture-decran-le-2024-07-07-a-11.01.28-50x50.png 50w, https:\/\/www.enzhoshop.com\/wp-content\/uploads\/2024\/07\/Capture-decran-le-2024-07-07-a-11.01.28-100x100.png 100w, https:\/\/www.enzhoshop.com\/wp-content\/uploads\/2024\/07\/Capture-decran-le-2024-07-07-a-11.01.28-96x96.png 96w, https:\/\/www.enzhoshop.com\/wp-content\/uploads\/2024\/07\/Capture-decran-le-2024-07-07-a-11.01.28-64x64.png 64w\" sizes=\"(max-width: 667px) 100vw, 667px\" \/>\t\t\t\t\t\t\t\t\t\t\t\t\t<\/div>\n\t\t\t\t<\/div>\n\t\t\t\t\t<\/div>\n\t\t<\/div>\n\t\t\t\t\t<\/div>\n\t\t<\/section>\n\t\t\t\t\t<\/div>\n\t\t<\/div>\n\t\t\t\t\t<\/div>\n\t\t<\/section>\n\t\t\t\t<\/div>","protected":false},"excerpt":{"rendered":"<p>\u00c0 PROPOS DE NOUS Notre mission : mettre en valeur votre beaut\u00e9 ! \u00a0 Enzho Shop est une entreprise qu\u00e9b\u00e9coise sp\u00e9cialis\u00e9e dans les lunettes de vues et lunettes de soleil de qualit\u00e9. Tous nos produits sont s\u00e9lectionn\u00e9s avec soin et nous garantissons une durabilit\u00e9 pour chacun de nos produits. Nous sommes LA r\u00e9f\u00e9rence si vous<\/p>\n<div class=\"klb-readmore entry-button\"><a class=\"button\" href=\"https:\/\/www.enzhoshop.com\/en\/a-propos\/\">Read More<\/a><\/div>","protected":false},"author":1,"featured_media":0,"parent":0,"menu_order":0,"comment_status":"closed","ping_status":"closed","template":"","meta":{"footnotes":""},"class_list":["post-1544","page","type-page","status-publish","hentry"],"_links":{"self":[{"href":"https:\/\/www.enzhoshop.com\/en\/wp-json\/wp\/v2\/pages\/1544"}],"collection":[{"href":"https:\/\/www.enzhoshop.com\/en\/wp-json\/wp\/v2\/pages"}],"about":[{"href":"https:\/\/www.enzhoshop.com\/en\/wp-json\/wp\/v2\/types\/page"}],"author":[{"embeddable":true,"href":"https:\/\/www.enzhoshop.com\/en\/wp-json\/wp\/v2\/users\/1"}],"replies":[{"embeddable":true,"href":"https:\/\/www.enzhoshop.com\/en\/wp-json\/wp\/v2\/comments?post=1544"}],"version-history":[{"count":53,"href":"https:\/\/www.enzhoshop.com\/en\/wp-json\/wp\/v2\/pages\/1544\/revisions"}],"predecessor-version":[{"id":3884,"href":"https:\/\/www.enzhoshop.com\/en\/wp-json\/wp\/v2\/pages\/1544\/revisions\/3884"}],"wp:attachment":[{"href":"https:\/\/www.enzhoshop.com\/en\/wp-json\/wp\/v2\/media?parent=1544"}],"curies":[{"name":"wp","href":"https:\/\/api.w.org\/{rel}","templated":true}]}}